{"id":23,"date":"2015-09-16T04:35:27","date_gmt":"2015-09-16T02:35:27","guid":{"rendered":"http:\/\/www.a-f-p-i.com\/miss-burgondia\/?page_id=23"},"modified":"2023-01-05T17:18:15","modified_gmt":"2023-01-05T15:18:15","slug":"inscription-concours-top-ados","status":"publish","type":"page","link":"http:\/\/www.adomode.net\/concours-top-ado-france\/inscription-concours-top-ados\/","title":{"rendered":"Demande d&rsquo;Inscription au Concours"},"content":{"rendered":"<p style=\"font-size: 15px;\">&nbsp;<\/p>\n<p><span style=\"font-size: 12pt;\">Votre demande ne signifie pas que vous allez forcement participer au concours.<\/span><\/p>\n<p>Depuis 2023, nous acceptons uniquement des candidates que nous pensons pouvoir aider \u00e0 r\u00e9ussir dans le milieu des Miss et\/ou dans le mannequinat.<\/p>\n<p>Nous acceptons 8 ou 10 candidates par an et nous les aidons toutes durant l&rsquo;ann\u00e9e.<br \/>\nNous prenons donc le choix de la qualit\u00e9 et non de la quantit\u00e9.<br \/>\nL&rsquo;une des qualit\u00e9s principales, c&rsquo;est la photog\u00e9nie de la candidate.<br \/>\nIl est plus facile d&rsquo;\u00eatre accept\u00e9e en ayant d\u00e9j\u00e0 de l&rsquo;exp\u00e9rience aupr\u00e8s d&rsquo;un photographe pro.<\/p>\n<p>Si nous avons d\u00e9j\u00e0 assez de candidates pour le prochain concours, nous pouvons vous proposer de participer \u00e0 celui de l&rsquo;ann\u00e9e suivante.<\/p>\n<p>La date limite est le 15 octobre pour s&rsquo;inscrire au concours de l&rsquo;ann\u00e9e en cours.<\/p>\n<p>Le formulaire ci-dessous est donc \u00e0 remplir si vous correspondez d\u00e9j\u00e0 aux crit\u00e8res de base.<br \/>\nMerci de bien lire les informations mentionn\u00e9es dans la page <a href=\"http:\/\/www.adomode.net\/concours-top-ado-france\/details-du-concours\/\">D\u00e9tails du Concours<\/a>.<\/p>\n<p>Si la demande est accept\u00e9e, il faut ensuite signer un contrat de partenariat par rapport notamment au Droit \u00e0 l\u2019Image.<\/p>\n<p>Il est possible \u00e9galement de nous contacter via notre <a href=\"https:\/\/www.facebook.com\/adomode.aides.conseils.ados\" target=\"_blank\" rel=\"noopener noreferrer\">page Facebook<\/a>, afin de nous transmettre des photos et de confirmer une demande d&rsquo;inscription.<\/p>\n<p style=\"font-size: 15px;\">&nbsp;<\/p>\n<p><strong><span style=\"font-size: 15px;\">\n\n<!-- Fast Secure Contact Form plugin 4.0.55 - begin - FastSecureContactForm.com -->\n<div style=\"clear:both;\"><\/div>\n\n<div id=\"FSContact2\" style=\"width:99%; max-width:555px;\">\n<form action=\"http:\/\/www.adomode.net\/concours-top-ado-france\/wp-json\/wp\/v2\/pages\/23#FSContact2\" id=\"fscf_form2\" method=\"post\">\n\n<div id=\"fscf_div_clear2_8\" style=\"clear:both;\">\n  <div id=\"fscf_div_field2_8\" style=\"clear:left; float:left; width:99%; max-width:550px; margin-right:10px;\">\n    <div  id=\"fscf_label2_8\" style=\"text-align:left; padding-top:5px;\">\n\t  <label style=\"text-align:left; color:#f79cd2;\" for=\"fscf_field2_8\">Age de la candidate<span style=\"text-align:left;\">*<\/span><\/label>\n    <\/div>\n    <div style=\"text-align:left; padding-bottom:5px;\">\n      <select style=\"text-align:left;\" id=\"fscf_field2_8\" name=\"Age-de-la-Candidate-Ne-pas-avoir-18-ans[]\">\n        <option value=\"1\">15 ans<\/option>\n        <option value=\"2\">16 ans<\/option>\n        <option value=\"3\">17 ans<\/option>\n      <\/select>\n    <\/div>\n\n    <div style=\"clear:both;\"><\/div>\n<span style=\"font-size: 9pt;\"><i>(Ne pas avoir 18 ans dans l'ann\u00e9e)<\/i><br\/><br\/><\/span>\n\n  <\/div>\n<\/div>\n\n<div id=\"fscf_div_clear2_7\" style=\"clear:both;\">\n  <div id=\"fscf_div_field2_7\" style=\"clear:left; float:left; width:99%; max-width:550px; margin-right:10px;\">\n    <div  id=\"fscf_label2_7\" style=\"text-align:left; padding-top:5px;\">\n\t  <label style=\"text-align:left; color:#f79cd2;\" for=\"fscf_field2_7\">Taille de la candidate<span style=\"text-align:left;\">*<\/span><\/label>\n    <\/div>\n    <div style=\"text-align:left; padding-bottom:5px;\">\n      <select style=\"text-align:left;\" id=\"fscf_field2_7\" name=\"Votre-Taille-exemple-170[]\">\n        <option value=\"1\">165 cms<\/option>\n        <option value=\"2\">166 cms<\/option>\n        <option value=\"3\">167 cms<\/option>\n        <option value=\"4\">168 cms<\/option>\n        <option value=\"5\">169 cms<\/option>\n        <option value=\"6\">170 cms<\/option>\n        <option value=\"7\">171 cms<\/option>\n      <\/select>\n    <\/div>\n\n    <div style=\"clear:both;\"><\/div>\n<br\/>\n\n  <\/div>\n<\/div>\n\n<div id=\"fscf_div_clear2_6\" style=\"clear:both;\">\n  <div id=\"fscf_div_field2_6\" style=\"clear:left; float:left; width:99%; max-width:550px; margin-right:10px;\">\n    <div  id=\"fscf_label2_6\" style=\"text-align:left; padding-top:5px;\">\n\t  <label style=\"text-align:left; color:#f79cd2;\" for=\"fscf_field2_6\">R\u00e9gion fran\u00e7aise de la candidate<span style=\"text-align:left;\">*<\/span><\/label>\n    <\/div>\n    <div style=\"text-align:left; padding-bottom:5px;\">\n      <select style=\"text-align:left;\" id=\"fscf_field2_6\" name=\"Situation-geographie-Numero-du-Departeme[]\">\n        <option value=\"1\">Auvergne-Rh\u00f4ne-Alpes<\/option>\n        <option value=\"2\">Bourgogne-Franche-Comt\u00e9<\/option>\n        <option value=\"3\">Bretagne<\/option>\n        <option value=\"4\">Centre-Val de Loire<\/option>\n        <option value=\"5\">Corse<\/option>\n        <option value=\"6\">Grand Est<\/option>\n        <option value=\"7\">Hauts-de-France<\/option>\n        <option value=\"8\">Ile-de-France<\/option>\n        <option value=\"9\">Normandie<\/option>\n        <option value=\"10\">Nouvelle-Aquitaine<\/option>\n        <option value=\"11\">Occitanie<\/option>\n        <option value=\"12\">Pays de la Loire<\/option>\n        <option value=\"13\">Provence-Alpes-C\u00f4te d\u2019Azur.<\/option>\n      <\/select>\n    <\/div>\n\n    <div style=\"clear:both;\"><\/div>\n<br\/>\n\n  <\/div>\n<\/div>\n\n<div id=\"fscf_div_clear2_0\" style=\"clear:both;\">\n  <div id=\"fscf_div_field2_0\" style=\"clear:left; float:left; width:99%; max-width:550px; margin-right:10px;\">\n\t<div style=\"text-align:left; padding-top:5px;\">\n      <label style=\"text-align:left; color:#f79cd2;\" for=\"fscf_name2\">Pr\u00e9nom et nom de la candidate<span style=\"text-align:left;\">*<\/span><\/label>\n    <\/div>\n\t<div style=\"text-align:left; padding-bottom:5px;\">\n\t  <input style=\"text-align:left;  margin: 0; width:99%; max-width:370px; border:2px solid black; background:#fff; color:#000; font-weight:bold; font-size:14px;\" type=\"text\" id=\"fscf_name2\" name=\"full_name\" value=\"\"  \/>\n\t<\/div>\n\n    <div style=\"clear:both;\"><\/div>\n<br\/>\n\n  <\/div>\n<\/div>\n\n<div id=\"fscf_div_clear2_1\" style=\"clear:both;\">\n  <div id=\"fscf_div_field2_1\" style=\"clear:left; float:left; width:99%; max-width:550px; margin-right:10px;\">\n    <div style=\"text-align:left; padding-top:5px;\">\n      <label style=\"text-align:left; color:#f79cd2;\" for=\"fscf_email2\">Adresse e-mail de l'un des 2 parents<span style=\"text-align:left;\">*<\/span><\/label>\n    <\/div>\n    <div style=\"text-align:left; padding-bottom:5px;\">\n      <input style=\"text-align:left;  margin: 0; width:99%; max-width:370px; border:2px solid black; background:#fff; color:#000; font-weight:bold; font-size:14px;\" type=\"text\" id=\"fscf_email2\" name=\"email\" value=\"\"  \/>\n    <\/div>\n\n    <div style=\"clear:both;\"><\/div>\n<br\/>\n\n  <\/div>\n<\/div>\n\n<div id=\"fscf_div_clear2_4\" style=\"clear:both;\">\n  <div id=\"fscf_div_field2_4\" style=\"clear:left; float:left; width:99%; max-width:550px; margin-right:10px;\">\n    <div  id=\"fscf_label2_4\" style=\"text-align:left; padding-top:5px;\">\n\t  <label style=\"text-align:left; color:#f79cd2;\" for=\"fscf_field2_4\">Adresse internet ayant des photos de la candidate<\/label>\n    <\/div>\n    <div style=\"text-align:left; padding-bottom:5px;\">\n      <input style=\"text-align:left;  margin: 0; width:99%; max-width:370px; border:2px solid black; background:#fff; color:#000; font-weight:bold; font-size:14px;\" type=\"text\" id=\"fscf_field2_4\" name=\"adresse-internet-pour-photos\" value=\"\"  \/>\n    <\/div>\n\n    <div style=\"clear:both;\"><\/div>\n<span style=\"font-size: 9pt;\"><i>(Exemple : Adresse d'une page mod\u00e8le sur Facebook)<br\/>(Il est possible d'envoyer des photos via WETRANSFER.COM)<\/i><\/span><br\/><br\/>\n\n  <\/div>\n<\/div>\n\n<div id=\"fscf_div_clear2_3\" style=\"clear:both;\">\n  <div id=\"fscf_div_field2_3\" style=\"clear:left; float:left; width:99%; max-width:550px; margin-right:10px;\">\n    <div style=\"text-align:left; padding-top:5px;\">\n      <label style=\"text-align:left; color:#f79cd2;\" for=\"fscf_field2_3\">Message<span style=\"text-align:left;\">*<\/span><\/label>\n    <\/div>\n    <div style=\"text-align:left; padding-bottom:5px;\">\n      <textarea style=\"text-align:left;   margin: 0; width:99%; max-width:450px; height:120px; border:2px solid black; background:#fff; color:#000; font-weight:bold; font-size:14px;\" id=\"fscf_field2_3\" name=\"message\" cols=\"30\" rows=\"10\" ><\/textarea>\n    <\/div>\n\n    <div style=\"clear:both;\"><\/div>\n<br\/>\n\n  <\/div>\n<\/div>\n<div style=\"clear:both;\"><\/div>\n\n<div style=\"text-align:left; padding-top:5px;\">\n<\/div>\n<div id=\"fscf_captcha_image_div2\" style=\"width:250px; height:65px; padding-top:2px; background:#fff;\">\n      <img id=\"fscf_captcha_image2\" style=\"border-style:none; margin:0; padding:0px; padding-right:5px; float:left;\" src=\"http:\/\/www.adomode.net\/concours-top-ado-france\/wp-content\/plugins\/si-contact-form\/captcha\/securimage_show.php?prefix=xMqbTtA4BC3DOA7s\" width=\"175\" height=\"60\" alt=\"Code Anti-spam\" title=\"Code Anti-spam\" \/>\n      <input id=\"fscf_captcha_prefix2\" type=\"hidden\" name=\"fscf_captcha_prefix2\" value=\"xMqbTtA4BC3DOA7s\" \/>\n     <div id=\"fscf_captcha_refresh2\">\n        <a href=\"#\" rel=\"nofollow\" title=\"Rafra\u00eechir\" onclick=\"fscf_captcha_refresh('2','\/concours-top-ado-france\/wp-content\/plugins\/si-contact-form\/captcha','http:\/\/www.adomode.net\/concours-top-ado-france\/wp-content\/plugins\/si-contact-form\/captcha\/securimage_show.php?prefix='); return false;\">\n        <img src=\"http:\/\/www.adomode.net\/concours-top-ado-france\/wp-content\/plugins\/si-contact-form\/captcha\/images\/refresh.png\" width=\"22\" height=\"20\" alt=\"Rafra\u00eechir\" style=\"border-style:none; margin:0; padding:0px; vertical-align:bottom;\" onclick=\"this.blur();\" \/><\/a>\n\t <\/div>\n<\/div>\n\n<div id=\"fscf_captcha_field2\" style=\"text-align:left; padding-top:5px;\">\n\t <label style=\"text-align:left; color:#f79cd2;\" for=\"fscf_captcha_code2\">Code Anti-spam<span style=\"text-align:left;\">*<\/span><\/label>\n<\/div>\n<div style=\"text-align:left; padding-bottom:5px;\">\n     <input style=\"text-align:left;   margin: 0;  width:100px;  border:2px solid black; background:#fff; color:#000; font-weight:bold; font-size:23px;\" type=\"text\" value=\"\" autocomplete=\"off\" id=\"fscf_captcha_code2\" name=\"captcha_code\"  \/>\n<\/div>\n\n<div id=\"fscf_submit_div2\" style=\"text-align:left; clear:both; padding-top:15px;\">\n\t\t<input type=\"submit\" id=\"fscf_submit2\" style=\"cursor:pointer; margin:0; color:#000; border:3px solid black; background:#f79cd2; width:150px; font-weight:bold; font-size:15px;\" value=\"Envoyer\"  onclick=\"this.disabled=true; this.value='envoi en cours'; this.form.submit();\" \/> \n<\/div>\n\n<input type=\"hidden\" name=\"fscf_submitted\" value=\"0\" \/>\n<input type=\"hidden\" name=\"fs_postonce_2\" value=\"91a421d286e013b16186b3f56bf95282,1777454840\" \/>\n<input type=\"hidden\" name=\"si_contact_action\" value=\"send\" \/>\n<input type=\"hidden\" name=\"form_id\" value=\"2\" \/>\n<input type=\"hidden\" name=\"mailto_id\" value=\"1\" \/>\n\n<\/form>\n<\/div>\n<div style=\"clear:both;\"><\/div>\n\n<!-- Fast Secure Contact Form plugin 4.0.55 - end - FastSecureContactForm.com -->\n <\/span><\/strong><\/p>\n<p><strong><span style=\"font-size: 13px;\">* <em>indique un champ obligatoire.<\/em><\/span><\/strong><\/p>\n<p style=\"font-size: 15px;\">&nbsp;<\/p>\n<!-- AddThis Advanced Settings generic via filter on the_content --><!-- AddThis Share Buttons generic via filter on the_content --> ","protected":false},"excerpt":{"rendered":"<p>&nbsp; Votre demande ne signifie pas que vous allez forcement participer au concours. Depuis 2023, nous acceptons uniquement des candidates que nous pensons pouvoir aider&#8230;<!-- AddThis Advanced Settings generic via filter on get_the_excerpt --><!-- AddThis Share Buttons generic via filter on get_the_excerpt --><\/p>\n","protected":false},"author":1,"featured_media":0,"parent":0,"menu_order":0,"comment_status":"closed","ping_status":"closed","template":"","meta":[],"_links":{"self":[{"href":"http:\/\/www.adomode.net\/concours-top-ado-france\/wp-json\/wp\/v2\/pages\/23"}],"collection":[{"href":"http:\/\/www.adomode.net\/concours-top-ado-france\/wp-json\/wp\/v2\/pages"}],"about":[{"href":"http:\/\/www.adomode.net\/concours-top-ado-france\/wp-json\/wp\/v2\/types\/page"}],"author":[{"embeddable":true,"href":"http:\/\/www.adomode.net\/concours-top-ado-france\/wp-json\/wp\/v2\/users\/1"}],"replies":[{"embeddable":true,"href":"http:\/\/www.adomode.net\/concours-top-ado-france\/wp-json\/wp\/v2\/comments?post=23"}],"version-history":[{"count":35,"href":"http:\/\/www.adomode.net\/concours-top-ado-france\/wp-json\/wp\/v2\/pages\/23\/revisions"}],"predecessor-version":[{"id":983,"href":"http:\/\/www.adomode.net\/concours-top-ado-france\/wp-json\/wp\/v2\/pages\/23\/revisions\/983"}],"wp:attachment":[{"href":"http:\/\/www.adomode.net\/concours-top-ado-france\/wp-json\/wp\/v2\/media?parent=23"}],"curies":[{"name":"wp","href":"https:\/\/api.w.org\/{rel}","templated":true}]}}