{"id":329,"date":"2015-09-22T17:12:42","date_gmt":"2015-09-22T15:12:42","guid":{"rendered":"http:\/\/www.a-f-p-i.com\/miss-burgondia\/?page_id=329"},"modified":"2023-01-05T17:19:17","modified_gmt":"2023-01-05T15:19:17","slug":"cadeaux","status":"publish","type":"page","link":"http:\/\/www.adomode.net\/concours-top-ado-france\/cadeaux\/","title":{"rendered":"Cadeaux"},"content":{"rendered":"\n<p style=\"font-size: 8px;\">&nbsp;<\/p>\n<p>Toutes les participantes gagnent de la visibilit\u00e9 au cours du concours, et donc il peut y avoir des professionnels qui s&rsquo;int\u00e9ressent \u00e0 elles.<\/p>\n<p style=\"font-size: 8px;\">&nbsp;<\/p>\n<p><strong>Cadeaux par des photographes :<\/strong><\/p>\n<p>Des photographes offrent des s\u00e9ances photos durant l&rsquo;ann\u00e9e.<\/p>\n\n<p style=\"font-size: 14px;\">&nbsp;<\/p>\n\n<strong>La candidate \u00e9lue TOP ADO FRANCE 2023 gagne :<\/strong>\n<ul>\n<li>Une \u00e9charpe de Miss qui lui est donn\u00e9e pour l&rsquo;utiliser lors de sorties.<br>\nSur l&rsquo;\u00e9charpe, il est not\u00e9 TOP GIRLZ JUNIOR 2023, ce qui lui permet de l&rsquo;utiliser m\u00eame apr\u00e8s ses 17 ans.<\/li>\n<li>Une pr\u00e9sentation (page avec photos) dans ce site internet.<\/li>\n<li>Un contrat de partenariat de 2 ans avec l&rsquo;<u><a href=\"http:\/\/www.a-f-p-i.com\" target=\"_blank\" rel=\"noopener noreferrer\"><span style=\"background:#FFFFFF\"><font color=\"#f79cd2\">Association Fran\u00e7aise Productive de l\u2019Image<\/font><\/span><\/a><\/u>.<\/li>\n<li>6 entr\u00e9es gratuites au cin\u00e9ma avec <u><a href=\"https:\/\/www.cinecheque.fr\/\" target=\"_blank\" rel=\"noopener noreferrer\"><span style=\"background:#FFFFFF\"><font color=\"#f79cd2\">Cin\u00e9Ch\u00e8que<\/font><\/span><\/a><\/u>, soit 3 entr\u00e9es au bout de la 1\u00e8re ann\u00e9e et 3 entr\u00e9es \u00e0 la fin de la 2\u00e8me ann\u00e9e, si la mod\u00e8le respecte ses engagements durant son contrat de 2 ans avec nous. Elle peut choisir de remplacer ce cadeau par 2 entr\u00e9es gratuites \u00e0 <u><a href=\"http:\/\/www.aqualand.fr\" target=\"_blank\" rel=\"noopener noreferrer\"><span style=\"background:#FFFFFF\"><font color=\"#f79cd2\">Aqualand<\/font><\/span><\/a><\/u> ou <u><a href=\"https:\/\/www.waveisland.fr\/\" target=\"_blank\" rel=\"noopener noreferrer\"><span style=\"background:#FFFFFF\"><font color=\"#f79cd2\">Wave Island<\/font><\/span><\/a><\/u> ou <u><a href=\"https:\/\/www.aquasplash.fr\/\" target=\"_blank\" rel=\"noopener noreferrer\"><span style=\"background:#FFFFFF\"><font color=\"#f79cd2\">Aquaplash<\/font><\/span><\/a><\/u>, soit une entr\u00e9e \u00e0 la fin de la 1\u00e8re ann\u00e9e et une entr\u00e9e \u00e0 la fin de la 2\u00e8me ann\u00e9e.<\/li>\n<li>Des s\u00e9ances photos durant l&rsquo;ann\u00e9e.<\/li>\n<li>Un book sur internet pendant 2 ans \u00e0 l&rsquo;adresse <em><u><a href=\"http:\/\/www.Book-Modelz.fr\/\" target=\"_blank\" rel=\"noopener noreferrer\"><span style=\"background:#FFFFFF\"><font color=\"#f79cd2\">www.Book-Modelz.Fr\/<\/font><\/span><\/a><\/u><font color=\"#f79cd2\">sonpr\u00e9nom-premi\u00e8relettredunom<\/font><\/em> (ou un pseudo de son choix) qui peut \u00eatre personnalis\u00e9 avec l&rsquo;aide d&rsquo;un webmaster.<\/li>\n<li>Un album de photos dans la page Facebook <u><a href=\"https:\/\/www.facebook.com\/pages\/Mod%C3%A8les-Projets\/579018255533462\" target=\"_blank\" rel=\"noopener noreferrer\"><span style=\"background:#FFFFFF\"><font color=\"#f79cd2\">Mod\u00e8les &amp; Projets<\/font><\/span><\/a><\/u>.<\/li>\n<li>La possibilit\u00e9 d&rsquo;utiliser gratuitement des tenues propos\u00e9es par <u><a href=\"http:\/\/www.1tenuepour1shooting.com\" target=\"_blank\" rel=\"noopener noreferrer\"><span style=\"background:#FFFFFF\"><font color=\"#f79cd2\">1TenuePour1Shooting.com<\/font><\/span><\/a><\/u>.<\/li>\n<li>La possibilit\u00e9 d&rsquo;utiliser gratuitement des robes propos\u00e9es par <u><a href=\"http:\/\/www.ma-robe-solidaire.net\" target=\"_blank\" rel=\"noopener noreferrer\"><span style=\"background:#FFFFFF\"><font color=\"#f79cd2\">Ma-Robe-Solidaire.net<\/font><\/span><\/a><\/u>.<\/li>\n<li><em>D&rsquo;autres cadeaux peuvent s&rsquo;ajouter par la suite.<\/em><\/li>\n<\/ul>\n\n<strong>Les 2\u00e8me et 3\u00e8me du concours gagnent :<\/strong>\n<ul>\n<li>Un contrat de partenariat de 2 ans avec l&rsquo;<u><a href=\"http:\/\/www.a-f-p-i.com\" target=\"_blank\" rel=\"noopener noreferrer\"><span style=\"background:#FFFFFF\"><font color=\"#f79cd2\">Association Fran\u00e7aise Productive de l\u2019Image<\/font><\/span><\/a><\/u>.<\/li>\n<li>Des s\u00e9ances photos durant l&rsquo;ann\u00e9e.<\/li>\n<li>Un book sur internet pendant 2 ans \u00e0 l&rsquo;adresse <em><u><a href=\"http:\/\/www.Book-Modelz.Fr\/\" target=\"_blank\" rel=\"noopener noreferrer\"><span style=\"background:#FFFFFF\"><font color=\"#f79cd2\">www.Book-Modelz.Fr\/<\/font><\/span><\/a><\/u><font color=\"#f79cd2\">sonpr\u00e9nom-premi\u00e8relettredunom<\/font><\/em> (ou un pseudo de son choix) qui peut \u00eatre personnalis\u00e9 avec l&rsquo;aide par un webmaster.<\/li>\n<li>Un album de photos dans la page Facebook <u><a href=\"https:\/\/www.facebook.com\/pages\/Mod%C3%A8les-Projets\/579018255533462\" target=\"_blank\" rel=\"noopener noreferrer\"><span style=\"background:#FFFFFF\"><font color=\"#f79cd2\">Mod\u00e8les &amp; Projets<\/font><\/span><\/a><\/u>.<\/li>\n<li>La possibilit\u00e9 d&rsquo;utiliser gratuitement des tenues propos\u00e9es par <u><a href=\"http:\/\/www.1tenuepour1shooting.com\" target=\"_blank\" rel=\"noopener noreferrer\"><span style=\"background:#FFFFFF\"><font color=\"#f79cd2\">1TenuePour1Shooting.com<\/font><\/span><\/a><\/u>.<\/li>\n<li>La possibilit\u00e9 d&rsquo;utiliser gratuitement des robes propos\u00e9es par <u><a href=\"http:\/\/www.ma-robe-solidaire.net\" target=\"_blank\" rel=\"noopener noreferrer\"><span style=\"background:#FFFFFF\"><font color=\"#f79cd2\">Ma-Robe-Solidaire.net<\/font><\/span><\/a><\/u>.<\/li>\n<li><em>D&rsquo;autres cadeaux peuvent s&rsquo;ajouter par la suite.<\/em><\/li>\n<\/ul>\n\n<strong>D&rsquo;autres candidates peuvent gagner :<\/strong>\n<ul>\n<li>Un contrat de partenariat de 1 an avec l&rsquo;<u><a href=\"http:\/\/www.a-f-p-i.com\" target=\"_blank\" rel=\"noopener noreferrer\"><span style=\"background:#FFFFFF\"><font color=\"#f79cd2\">Association Fran\u00e7aise Productive de l\u2019Image<\/font><\/span><\/a><\/u>.<\/li>\n<li>Des s\u00e9ances photos durant l&rsquo;ann\u00e9e.<\/li>\n<li>La possibilit\u00e9 d&rsquo;utiliser gratuitement des tenues propos\u00e9es par <u><a href=\"http:\/\/www.1tenuepour1shooting.com\" target=\"_blank\" rel=\"noopener noreferrer\"><span style=\"background:#FFFFFF\"><font color=\"#f79cd2\">1TenuePour1Shooting.com<\/font><\/span><\/a><\/u>.<\/li>\n<li>La possibilit\u00e9 d&rsquo;utiliser gratuitement des robes propos\u00e9es par <u><a href=\"http:\/\/www.ma-robe-solidaire.net\" target=\"_blank\" rel=\"noopener noreferrer\"><span style=\"background:#FFFFFF\"><font color=\"#f79cd2\">Ma-Robe-Solidaire.net<\/font><\/span><\/a><\/u>.<\/li>\n<li><em>D&rsquo;autres cadeaux peuvent s&rsquo;ajouter par la suite.<\/em><\/li>\n<\/ul>\n\n<p style=\"font-size:15px\">&nbsp;<\/p>\n\n<strong><i>Remarque importante : Une mod\u00e8le peut \u00eatre candidate plusieurs fois, donc il est possible qu&rsquo;elle renouvelle un contrat de partenariat avec nous.<\/i><\/strong>\n\n<p style=\"font-size:15px\">&nbsp;<\/p>\n<!-- AddThis Advanced Settings generic via filter on the_content --><!-- AddThis Share Buttons generic via filter on the_content --> ","protected":false},"excerpt":{"rendered":"<p>&nbsp; Toutes les participantes gagnent de la visibilit\u00e9 au cours du concours, et donc il peut y avoir des professionnels qui s&rsquo;int\u00e9ressent \u00e0 elles. &nbsp;&#8230;<!-- AddThis Advanced Settings generic via filter on get_the_excerpt --><!-- AddThis Share Buttons generic via filter on get_the_excerpt --><\/p>\n","protected":false},"author":1,"featured_media":0,"parent":0,"menu_order":0,"comment_status":"closed","ping_status":"closed","template":"","meta":[],"_links":{"self":[{"href":"http:\/\/www.adomode.net\/concours-top-ado-france\/wp-json\/wp\/v2\/pages\/329"}],"collection":[{"href":"http:\/\/www.adomode.net\/concours-top-ado-france\/wp-json\/wp\/v2\/pages"}],"about":[{"href":"http:\/\/www.adomode.net\/concours-top-ado-france\/wp-json\/wp\/v2\/types\/page"}],"author":[{"embeddable":true,"href":"http:\/\/www.adomode.net\/concours-top-ado-france\/wp-json\/wp\/v2\/users\/1"}],"replies":[{"embeddable":true,"href":"http:\/\/www.adomode.net\/concours-top-ado-france\/wp-json\/wp\/v2\/comments?post=329"}],"version-history":[{"count":43,"href":"http:\/\/www.adomode.net\/concours-top-ado-france\/wp-json\/wp\/v2\/pages\/329\/revisions"}],"predecessor-version":[{"id":984,"href":"http:\/\/www.adomode.net\/concours-top-ado-france\/wp-json\/wp\/v2\/pages\/329\/revisions\/984"}],"wp:attachment":[{"href":"http:\/\/www.adomode.net\/concours-top-ado-france\/wp-json\/wp\/v2\/media?parent=329"}],"curies":[{"name":"wp","href":"https:\/\/api.w.org\/{rel}","templated":true}]}}