{"id":634,"date":"2017-01-06T16:34:43","date_gmt":"2017-01-06T14:34:43","guid":{"rendered":"http:\/\/www.adomode.net\/concours-top-ado-france\/?page_id=634"},"modified":"2022-08-16T05:11:48","modified_gmt":"2022-08-16T03:11:48","slug":"accord-des-parents","status":"publish","type":"page","link":"http:\/\/www.adomode.net\/concours-top-ado-france\/accord-des-parents\/","title":{"rendered":"Accord des Parents"},"content":{"rendered":"<p style=\"font-size: 8px;\">&nbsp;<\/p>\n<p>Il est impossible de participer au concours sans l&rsquo;accord d&rsquo;au moins l&rsquo;un des 2 parents ou d&rsquo;un repr\u00e9sentant l\u00e9gal.<\/p>\n<p style=\"font-size: 5px;\">&nbsp;<\/p>\n<p>Pour participer au concours, il faut notamment fournir quelques photos et certaines serviront \u00e0 la participation dans celui-ci. <i>(Rappel : Il s&rsquo;agit d&rsquo;un concours sur internet et il faut avoir des photos de la meilleure qualit\u00e9 possible.)<\/i><\/p>\n<p>Sans l&rsquo;autorisation, il ne sera pas possible de faire connaitre votre participation aupr\u00e8s de votre entourage donc il n&rsquo;y a aucun int\u00e9r\u00eat d&rsquo;y participer&#8230; De plus, il est compliqu\u00e9 de g\u00e9rer des cadeaux gagn\u00e9s si les parents ne sont pas au courant.<\/p>\n<p style=\"font-size: 5px;\">&nbsp;<\/p>\n<p>\u00c9tant donn\u00e9 qu&rsquo;il faut fournir des photos, l&rsquo;un des 2 parents peut g\u00e9rer directement cela avec nous afin que l&rsquo;ado soit jug\u00e9e du mieux possible.<\/p>\n<p>Pour fournir des photos, il faut forcement avoir l&rsquo;accord des parents.<\/p>\n<p>Les photos peuvent <i>(pas obligatoire !)<\/i> d&rsquo;ailleurs \u00eatre r\u00e9alis\u00e9es lors d&rsquo;une rencontre photo, ce qui permet \u00e9galement de rencontrer des parents.<\/p>\n<p>Si vous avez besoin de photos, vous pouvez en discuter avec un(e) photographe au cours de l&rsquo;ann\u00e9e que nous connaissons ou pas.<\/p>\n<p style=\"font-size: 5px;\">&nbsp;<\/p>\n<p>AdoMode est \u00e0 votre service pour des conseils et de l&rsquo;aide.<\/p>\n<p>S&rsquo;il y a des questions, merci de lire la <a href=\"http:\/\/www.adomode.net\/concours-top-ado-france\/foire-aux-questions\/\" target=\"_top\" rel=\"noopener noreferrer\">&nbsp;FAQ&nbsp;<\/a> et toutes autres informations pr\u00e9sentes dans le site.<\/p>\n<p>Apr\u00e8s une demande de participation, si celle-ci est accept\u00e9e, il est envoy\u00e9 un dossier d&rsquo;inscription qui comporte notamment une partie autorisation l\u00e9gale.<\/p>\n<p style=\"font-size: 5px;\">&nbsp;<\/p>\n<!-- AddThis Advanced Settings generic via filter on the_content --><!-- AddThis Share Buttons generic via filter on the_content --> ","protected":false},"excerpt":{"rendered":"<p>&nbsp; Il est impossible de participer au concours sans l&rsquo;accord d&rsquo;au moins l&rsquo;un des 2 parents ou d&rsquo;un repr\u00e9sentant l\u00e9gal. &nbsp; Pour participer au concours,&#8230;<!-- AddThis Advanced Settings generic via filter on get_the_excerpt --><!-- AddThis Share Buttons generic via filter on get_the_excerpt --><\/p>\n","protected":false},"author":1,"featured_media":0,"parent":0,"menu_order":0,"comment_status":"closed","ping_status":"closed","template":"","meta":[],"_links":{"self":[{"href":"http:\/\/www.adomode.net\/concours-top-ado-france\/wp-json\/wp\/v2\/pages\/634"}],"collection":[{"href":"http:\/\/www.adomode.net\/concours-top-ado-france\/wp-json\/wp\/v2\/pages"}],"about":[{"href":"http:\/\/www.adomode.net\/concours-top-ado-france\/wp-json\/wp\/v2\/types\/page"}],"author":[{"embeddable":true,"href":"http:\/\/www.adomode.net\/concours-top-ado-france\/wp-json\/wp\/v2\/users\/1"}],"replies":[{"embeddable":true,"href":"http:\/\/www.adomode.net\/concours-top-ado-france\/wp-json\/wp\/v2\/comments?post=634"}],"version-history":[{"count":18,"href":"http:\/\/www.adomode.net\/concours-top-ado-france\/wp-json\/wp\/v2\/pages\/634\/revisions"}],"predecessor-version":[{"id":767,"href":"http:\/\/www.adomode.net\/concours-top-ado-france\/wp-json\/wp\/v2\/pages\/634\/revisions\/767"}],"wp:attachment":[{"href":"http:\/\/www.adomode.net\/concours-top-ado-france\/wp-json\/wp\/v2\/media?parent=634"}],"curies":[{"name":"wp","href":"https:\/\/api.w.org\/{rel}","templated":true}]}}