{"id":64,"date":"2015-09-16T14:19:51","date_gmt":"2015-09-16T12:19:51","guid":{"rendered":"http:\/\/www.a-f-p-i.com\/miss-burgondia\/?page_id=64"},"modified":"2022-08-18T05:49:01","modified_gmt":"2022-08-18T03:49:01","slug":"foire-aux-questions","status":"publish","type":"page","link":"http:\/\/www.adomode.net\/concours-top-ado-france\/foire-aux-questions\/","title":{"rendered":"Foire aux Questions"},"content":{"rendered":"<p style=\"font-size: 5px;\">&nbsp;<\/p>\n<p>Voici des Questions-R\u00e9ponses.<\/p>\n<p style=\"font-size: 15px;\">&nbsp;<\/p>\n<ul>\n<li style=\"list-style-type: none;\">\n<ul>\n<li>Je vais devenir mannequin gr\u00e2ce \u00e0 vous ?\n<p style=\"font-size: 3px;\">&nbsp;<\/p>\n<p><em>Ce n&rsquo;est pas exactement notre objectif. Nous aidons des mod\u00e8les \u00e0 progresser et \u00e0 se faire conna\u00eetre.<\/em><\/p>\n<p>Si vous avez les crit\u00e8res pour r\u00e9ussir, nous pouvons vous donner des conseils et vous orienter vers des agences s\u00e9rieuses.<\/p>\n<p>Afin de progresser, il faut par exemple rencontrer des photographes professionnels et participer \u00e0 des s\u00e9ances photos avec eux.<\/p>\n<p><em>Nous organisons des activit\u00e9s permettant aux mod\u00e8les de se faire de l&rsquo;exp\u00e9rience.<\/em><\/li>\n<\/ul>\n<\/li>\n<\/ul>\n<p style=\"font-size: 10px;\">&nbsp;<\/p>\n<ul>\n<li style=\"list-style-type: none;\">\n<ul>\n<li>Je suis la m\u00e8re d&rsquo;une ado qui a du potentiel, et vous \u00eates des personnes de confiance ?\n<p style=\"font-size: 3px;\">&nbsp;<\/p>\n<p><em>Le concept de AdoMode.net a \u00e9t\u00e9 cr\u00e9\u00e9 car justement il manquait un endroit sur internet permettant d&rsquo;apporter de l&rsquo;aide et des conseils \u00e0 des mod\u00e8les ados. Nous apportons de l&rsquo;aide depuis 2012.<\/em><\/p>\n<p><em>Nous communiquons r\u00e9guli\u00e8rement avec des ados et les informons quand nous tombons sur de nouvelles arnaques ou des contacts \u00e0 \u00e9viter.<\/em><\/li>\n<\/ul>\n<\/li>\n<\/ul>\n<p style=\"font-size: 10px;\">&nbsp;<\/p>\n<ul>\n<li style=\"list-style-type: none;\">\n<ul>\n<li>A quoi \u00e7a sert de participer \u00e0 ce concours ?\n<p style=\"font-size: 3px;\">&nbsp;<\/p>\n<p><em>Ce concours sert \u00e0 (faire) d\u00e9couvrir des mod\u00e8les et (faire) d\u00e9velopper des projets avec elles.<\/em><\/p>\n<p>Vous avez sans doute envie de collaborer avec nous et d&rsquo;avoir de l&rsquo;aide pour avancer dans le domaine de la photographie.<\/p>\n<p>Ce concours est gratuit donc il n&rsquo;y a rien \u00e0 perdre.<\/p>\n<p><em>Parmi les cadeaux, certaines mod\u00e8les obtiennent un book sur internet afin de se faire conna\u00eetre.<\/em><\/li>\n<\/ul>\n<\/li>\n<\/ul>\n<p style=\"font-size: 10px;\">&nbsp;<\/p>\n<ul>\n<li style=\"list-style-type: none;\">\n<ul>\n<li>Je peux participer au concours malgr\u00e9 que j&rsquo;ai d\u00e9j\u00e0 gagn\u00e9 une \u00e9charpe \u00e0 un autre concours ?\n<p style=\"font-size: 3px;\">&nbsp;<\/p>\n<p><em>Oui, cela est possible. Prenez contact afin d&rsquo;avoir une confirmation.<\/em><\/p>\n<p>Il s&rsquo;agit d&rsquo;un concours de mod\u00e8les, donc le concours Top Ado France n&rsquo;est pas un concours de Miss.<\/p>\n<p><em>Il s&rsquo;agit de r\u00e9aliser des s\u00e9ances photos, principalement, et non pas de participer \u00e0 des d\u00e9fil\u00e9s.<\/em><\/li>\n<\/ul>\n<\/li>\n<\/ul>\n<p style=\"font-size: 10px;\">&nbsp;<\/p>\n<ul>\n<li style=\"list-style-type: none;\">\n<ul>\n<li>Si je ne gagne pas, il est quand m\u00eame possible de participer \u00e0 des projets que vous organisez ?\n<p style=\"font-size: 3px;\">&nbsp;<\/p>\n<p><em>Vous pouvez participer \u00e0 des projets aupr\u00e8s de photographes partenaires.<\/em><\/li>\n<\/ul>\n<\/li>\n<\/ul>\n<p style=\"font-size: 10px;\">&nbsp;<\/p>\n<ul>\n<li style=\"list-style-type: none;\">\n<ul>\n<li>Je peux participer au concours si je n&rsquo;ai pas d\u00e9j\u00e0 un book sur internet ?\n<p style=\"font-size: 3px;\">&nbsp;<\/p>\n<p><em>Oui vous le pouvez, ce n&rsquo;est pas une obligation. Ce qui est obligatoire est de pr\u00e9senter des photos de qualit\u00e9 pour participer au concours.<\/em><\/p>\n<p><em>Vous pouvez \u00e9galement contacter nos photographes partenaires afin d&rsquo;avoir des photos pour les utiliser dans le concours.<\/em><\/li>\n<\/ul>\n<\/li>\n<\/ul>\n<p style=\"font-size: 10px;\">&nbsp;<\/p>\n<ul>\n<li style=\"list-style-type: none;\">\n<ul>\n<li>Votre concours est vraiment gratuit et ce n&rsquo;est pas une arnaque ?\n<p style=\"font-size: 3px;\">&nbsp;<\/p>\n<p><em>Enti\u00e8rement GRATUIT pour participer au concours.<\/em><\/p>\n<p>Le concours est d\u00e9velopp\u00e9 b\u00e9n\u00e9volement, sans but lucratif.<\/p>\n<p><em>Il est impossible que \u00e7a soit une arnaque, dans ce cas.<\/em><\/li>\n<\/ul>\n<\/li>\n<\/ul>\n<p style=\"font-size: 10px;\">&nbsp;<\/p>\n<ul>\n<li>Votre concours est l\u00e9gal !?\n<p style=\"font-size: 3px;\">&nbsp;<\/p>\n<p><em>Bien s\u00fbr que oui.<\/em><\/p>\n<p>Une association a le droit d&rsquo;organiser des concours (concours de Miss et autres).<\/p>\n<p>Une association a le droit d&rsquo;offrir des books sur internet, tant que \u00e7a ne concurrence pas les professionnels ; d&rsquo;o\u00f9 le fait que le nombre soit limit\u00e9 chez nous.<\/p>\n<p>Une association a le droit d&rsquo;aider des mod\u00e8les, mais elle n&rsquo;a pas le droit de gagner de l&rsquo;argent sur le placement de mannequins.<\/p>\n<p>Une association peut organiser pleins de choses avec des mod\u00e8les : rencontres photos, stages, d\u00e9fil\u00e9s de mode (maximum 3 dans l&rsquo;ann\u00e9e), etc&#8230;<\/p>\n<p>Si vous avez des doutes, vous pouvez vous renseigner aupr\u00e8s des organismes qui aident les associations et qui apportent des r\u00e9ponses aux questions sur les associations.<\/p>\n<p><em>Certaines personnes jalouses et\/ou malhonn\u00eates se permettent de raconter des choses fausses sur des concours dont le notre.<br \/>\n<\/em><\/li>\n<\/ul>\n<p style=\"font-size: 10px;\">&nbsp;<\/p>\n<p>Si vous avez une autre question : Merci de nous contacter !<\/p>\n<p style=\"font-size: 5px;\">&nbsp;<\/p>\n<!-- Social Ring Buttons Start --><div class=\"social-ring\">\n<div class=\"social-ring-button\"><fb:like href=\"http:\/\/www.adomode.net\/concours-top-ado-france\/foire-aux-questions\/\" showfaces=\"false\" layout=\"button_count\" action=\"like\"><\/fb:like><\/div>\n<div class=\"social-ring-button\"><a rel=\"nofollow\" href=\"http:\/\/twitter.com\/share\" lang=\"fr\" data-url=\"http:\/\/www.adomode.net\/concours-top-ado-france\/foire-aux-questions\/\" data-text=\"Foire aux Questions\" data-count=\"horizontal\" class=\"sr-twitter-button twitter-share-button\"><\/a><\/div>\n<div class=\"social-ring-button\"><div class=\"g-plusone\" data-href=\"http:\/\/www.adomode.net\/concours-top-ado-france\/foire-aux-questions\/\" data-size=\"medium\" ><\/div><\/div>\n<\/div><!-- Social Ring Buttons End -->\n\n<!-- AddThis Advanced Settings generic via filter on the_content --><!-- AddThis Share Buttons generic via filter on the_content --> ","protected":false},"excerpt":{"rendered":"<p>&nbsp; Voici des Questions-R\u00e9ponses. &nbsp; Je vais devenir mannequin gr\u00e2ce \u00e0 vous ? &nbsp; Ce n&rsquo;est pas exactement notre objectif. Nous aidons des mod\u00e8les \u00e0&#8230;<!-- AddThis Advanced Settings generic via filter on get_the_excerpt --><!-- AddThis Share Buttons generic via filter on get_the_excerpt --><\/p>\n","protected":false},"author":1,"featured_media":0,"parent":0,"menu_order":0,"comment_status":"closed","ping_status":"closed","template":"","meta":[],"_links":{"self":[{"href":"http:\/\/www.adomode.net\/concours-top-ado-france\/wp-json\/wp\/v2\/pages\/64"}],"collection":[{"href":"http:\/\/www.adomode.net\/concours-top-ado-france\/wp-json\/wp\/v2\/pages"}],"about":[{"href":"http:\/\/www.adomode.net\/concours-top-ado-france\/wp-json\/wp\/v2\/types\/page"}],"author":[{"embeddable":true,"href":"http:\/\/www.adomode.net\/concours-top-ado-france\/wp-json\/wp\/v2\/users\/1"}],"replies":[{"embeddable":true,"href":"http:\/\/www.adomode.net\/concours-top-ado-france\/wp-json\/wp\/v2\/comments?post=64"}],"version-history":[{"count":9,"href":"http:\/\/www.adomode.net\/concours-top-ado-france\/wp-json\/wp\/v2\/pages\/64\/revisions"}],"predecessor-version":[{"id":849,"href":"http:\/\/www.adomode.net\/concours-top-ado-france\/wp-json\/wp\/v2\/pages\/64\/revisions\/849"}],"wp:attachment":[{"href":"http:\/\/www.adomode.net\/concours-top-ado-france\/wp-json\/wp\/v2\/media?parent=64"}],"curies":[{"name":"wp","href":"https:\/\/api.w.org\/{rel}","templated":true}]}}