{"id":728,"date":"2022-08-16T01:51:05","date_gmt":"2022-08-15T23:51:05","guid":{"rendered":"http:\/\/www.adomode.net\/concours-top-ado-france\/?page_id=728"},"modified":"2023-01-05T17:34:57","modified_gmt":"2023-01-05T15:34:57","slug":"details-du-concours","status":"publish","type":"page","link":"http:\/\/www.adomode.net\/concours-top-ado-france\/details-du-concours\/","title":{"rendered":"D\u00e9tails du concours"},"content":{"rendered":"<p style=\"font-size: 15px;\">&nbsp;<\/p>\n<p>Le concours permet \u00e9galement aux mod\u00e8les de se faire conna\u00eetre pendant celui-ci.<\/p>\n<p>Elles peuvent recevoir des propositions par notre interm\u00e9diaire si des personnes s&rsquo;int\u00e9ressent \u00e0 elles. Nous contr\u00f4lons les propositions ce qui permet d&rsquo;\u00e9viter aux mod\u00e8les de tomber sur des dangers.<\/p>\n<p>Par s\u00e9curit\u00e9, nous ne partageons pas les coordonn\u00e9es des ados mais nous en parlons aux personnes concern\u00e9es (ados et parents) afin de donner une suite ou pas.<\/p>\n<p style=\"font-size: 6px;\">&nbsp;<\/p>\n<p>Parmi les candidates, certaines gagnent des cadeaux et peuvent \u00e9galement participer \u00e0 des projets photos qui sont organis\u00e9s avec AdoMode et\/ou par des partenaires.<\/p>\n<p style=\"font-size: 8px;\">&nbsp;<\/p>\n<p style=\"font-size: 8px;\">&nbsp;<\/p>\n<p style=\"font-size: 18px;\"><strong>Crit\u00e8res de s\u00e9lection :<\/strong><\/p>\n<p style=\"font-size: 3px;\">&nbsp;<\/p>\n<ul>\n<li>Avoir 15 ou 16 ou 17 ans (ne pas avoir 18 ans dans l&rsquo;ann\u00e9e).<\/li>\n<li>Mesurer plus de 1m64 et moins de 1m72.<\/li>\n<li>\u00catre de la nationalit\u00e9 fran\u00e7aise.<\/li>\n<li>R\u00e9sider en France m\u00e9tropole.<\/li>\n<li>\u00catre photog\u00e9nique. (La photog\u00e9nie est la capacit\u00e9 \u00e0 bien figurer sur les photographies. Certaines personnes au visage ordinaire apparaissent comme plus belles sur une photographie. L&rsquo;inverse est aussi vrai !)<\/li>\n<\/ul>\n<p style=\"font-size: 8px;\">&nbsp;<\/p>\n<p style=\"font-size: 8px;\">&nbsp;<\/p>\n<p style=\"font-size: 18px;\"><strong>A propos des candidatures :<\/strong><\/p>\n<p style=\"font-size: 3px;\">&nbsp;<\/p>\n<p>Il faut nous contacter via la page <em>INSCRIPTION<\/em> du site.<\/p>\n<p>Pour esp\u00e9rer participer au concours, il faut tout d&rsquo;abord nous partager au minimum 4 photos (avec des poses diff\u00e9rentes, toujours debout) d&rsquo;une bonne qualit\u00e9 afin de pouvoir juger du potentiel de la candidate. Les photos peuvent avoir \u00e9t\u00e9 prises avec le t\u00e9l\u00e9phone ou par des photographes. Les photos doivent \u00eatre de l&rsquo;ann\u00e9e en cours. <em>(Si d\u00e9j\u00e0 un book sur internet, merci de transmettre l&rsquo;adresse.)<\/em><\/p>\n<p>Apr\u00e8s la demande de participation, la personne re\u00e7oit un message de notre part sous quelques jours.<\/p>\n<p>Il est possible de prendre contact via Facebook afin de discuter et de r\u00e9pondre \u00e0 d&rsquo;\u00e9ventuelles questions. <em>(N&rsquo;h\u00e9sitez pas \u00e0 nous indiquer votre page ou votre profil Facebook.)<\/em><\/p>\n<p>Quand la personne re\u00e7oit une r\u00e9ponse positive, il faut lire et signer un contrat de partenariat.<\/p>\n<p>L&rsquo;autorisation parentale est obligatoire.<\/p>\n<p>La personne a ensuite acc\u00e8s au groupe priv\u00e9 Facebook qui permet de g\u00e8rer le concours.<\/p>\n<p>Si la demande re\u00e7oit une r\u00e9ponse n\u00e9gative, la personne connaitra la ou les raison(s).<br>Il se peut qu&rsquo;il y a un crit\u00e8re qui ne correspond pas exactement \u00e0 ceux mentionn\u00e9s dans cette page. Il se peut que nous avons d\u00e9j\u00e0 assez de candidates et donc certaines sont mises en attente pour le prochain concours.<\/p>\n<p style=\"font-size: 8px;\">&nbsp;<\/p>\n<p style=\"font-size: 8px;\">&nbsp;<\/p>\n<p style=\"font-size: 18px;\"><strong>Inscriptions au concours :<\/strong><\/p>\n<p style=\"font-size: 5px;\">&nbsp;<\/p>\n<p>Apr\u00e8s acceptation de la demande, l&rsquo;ado peut ensuite participer au concours.<\/p>\n<p>Elle doit r\u00e9aliser des missions durant l&rsquo;ann\u00e9e qui lui font gagner des points pour un classement.<\/p>\n<p>Une s\u00e9lection des photos (des missions) de la candidate est transmise aux membres de jury qui rapportent \u00e9galement des points. Il est important pour la candidate de bien choisir les tenues et les poses r\u00e9alis\u00e9es sur les photos. Une s\u00e9lection est \u00e9galement publi\u00e9e via nos supports internet, afin que le public soit au courant des candidates qui sont participantes.<\/p>\n<p style=\"font-size: 8px;\">&nbsp;<\/p>\n<p style=\"font-size: 8px;\">&nbsp;<\/p>\n<p style=\"font-size: 18px;\"><strong>Plusieurs missions photos \u00e0 r\u00e9aliser :<\/strong><\/p>\n<p style=\"font-size: 3px;\">&nbsp;<\/p>\n<p>Les missions ne sont pas forcement \u00e0 r\u00e9aliser dans l&rsquo;ordre.<\/p>\n<p>D\u00e8s qu&rsquo;une mission est valid\u00e9e, la candidate gagne 10 points.<\/p>\n<p>Les photos des missions peuvent \u00eatre prises avec un t\u00e9l\u00e9phone et\/ou par un(e) photographe.<\/p>\n<p>Les poses doivent \u00eatre diff\u00e9rentes sur toutes les photos d&rsquo;une mission. Il est possible d&rsquo;en r\u00e9aliser des similaires pour plusieurs missions.<\/p>\n<p>Les photos peuvent \u00eatre prises en int\u00e9rieur et ext\u00e9rieur. Le d\u00e9cor n&rsquo;est pas important, donc il faut le plus neutre\/simple possible. L&rsquo;id\u00e9al est de r\u00e9aliser des photos devant des fonds d&rsquo;une seule couleur (fond blanc, fond noir, etc).<\/p>\n<p>La candidate doit \u00eatre debout sur toutes les photos, et il faut des photos \u00ab\u00a0plan am\u00e9ricain\u00a0\u00bb (debout de la t\u00eate \u00e0 mi-cuisse) et \u00ab\u00a0plain pied\u00a0\u00bb (debout des pieds \u00e0 la t\u00eate).<\/p>\n<p>Sur les photos, elle peut \u00eatre de face, de dos, de profil droit, de profil gauche. Il faut varier le plus possible !<\/p>\n<p>Il est conseill\u00e9 de r\u00e9aliser des photos avec un(e) photographe pro, pour un meilleur jugement de la candidate.<\/p>\n<p>Les candidates peuvent utiliser leurs tenues et des tenues pr\u00eat\u00e9es par des amies, etc.<\/p>\n<p>La date limite pour valider les missions est le 20 novembre !<\/p>\n<p style=\"font-size: 8px;\">&nbsp;<\/p>\n<p style=\"font-size: 8px;\">&nbsp;<\/p>\n<p style=\"font-size: 18px;\"><strong>Mission 1 :<\/strong><\/p>\n<p style=\"font-size: 3px;\">&nbsp;<\/p>\n<p>La candidate doit porter une robe compl\u00e8tement noire, afin de transmettre ensuite 6 photos r\u00e9alis\u00e9es avec cette robe.<\/p>\n<p style=\"font-size: 8px;\">&nbsp;<\/p>\n<p style=\"font-size: 8px;\">&nbsp;<\/p>\n<p style=\"font-size: 18px;\"><strong>Mission 2 :<\/strong><\/p>\n<p style=\"font-size: 3px;\">&nbsp;<\/p>\n<p>La candidate doit porter une robe compl\u00e8tement bleue ou rouge, afin de transmettre ensuite 6 photos r\u00e9alis\u00e9es avec cette robe.<\/p>\n<p style=\"font-size: 8px;\">&nbsp;<\/p>\n<p style=\"font-size: 8px;\">&nbsp;<\/p>\n<p style=\"font-size: 18px;\"><strong>Mission 3 :<\/strong><\/p>\n<p style=\"font-size: 3px;\">&nbsp;<\/p>\n<p>La candidate doit porter une robe compl\u00e8tement blanche, afin de transmettre ensuite 6 photos r\u00e9alis\u00e9es avec la robe.<\/p>\n<p>La robe peut \u00eatre une robe de mari\u00e9e, mais ce n&rsquo;est pas obligatoire.<\/p>\n<p style=\"font-size: 8px;\">&nbsp;<\/p>\n<p style=\"font-size: 8px;\">&nbsp;<\/p>\n<p style=\"font-size: 18px;\"><strong>Mission 4.<\/strong><\/p>\n<p style=\"font-size: 3px;\">&nbsp;<\/p>\n<p>La candidate doit porter un short, afin de transmettre ensuite 6 photos r\u00e9alis\u00e9es avec celui-ci.<\/p>\n<p>Il est conseill\u00e9 de porter une tenue d&rsquo;une seule couleur (exemple : short noir et haut noir).<\/p>\n<p>La tenue peut \u00eatre bien s\u00fbr un combishort. Le short en jeans est aussi accept\u00e9.<\/p>\n<p style=\"font-size: 8px;\">&nbsp;<\/p>\n<p style=\"font-size: 8px;\">&nbsp;<\/p>\n<p style=\"font-size: 18px;\"><strong>A propos des votes pour le concours :<\/strong><\/p>\n<p style=\"font-size: 3px;\">&nbsp;<\/p>\n<p>Uniquement des membres du jury votent afin de noter les candidates.<\/p>\n<p>Il n&rsquo;y a pas de votes par le public.<\/p>\n<p>Chaque membre du jury attribue 15 points, 10 points et 2 fois 5 points de cette mani\u00e8re :<br>15 points pour sa pr\u00e9f\u00e9r\u00e9e (1\u00e8re).<br>10 points pour sa 2\u00e8me pr\u00e9f\u00e9r\u00e9e.<br>5 points pour la 3\u00e8me.<br>5 points pour la 4\u00e8me.<\/p>\n<p>Les membres du jury votent par rapport \u00e0 leurs impressions sur les poses, la beaut\u00e9 et la photog\u00e9nie des candidates.<\/p>\n<p>La liste des membres du jury est annonc\u00e9e \u00e0 la fin du concours.<\/p>\n<p>Il est possible de faire voter un(e) photographe que vous avez crois\u00e9 durant l&rsquo;ann\u00e9e.<\/p>\n<p style=\"font-size: 8px;\">&nbsp;<\/p>\n<p style=\"font-size: 8px;\">&nbsp;<\/p>\n<p style=\"font-size: 18px;\"><strong>Classement des candidates :<\/strong><\/p>\n<p style=\"font-size: 3px;\">&nbsp;<\/p>\n<p>Pour \u00e9tablir un classement g\u00e9n\u00e9ral final, nous additionnons tous les points gagn\u00e9s par les candidates (points des missions et points attribu\u00e9s par l&rsquo;ensemble des membres du jury).<\/p>\n<p>A la fin du concours, les r\u00e9sultats sont donn\u00e9s publiquement en d\u00e9cembre. Nous prenons contact pour signaler la bonne nouvelle aux gagnantes et les informer de la suite.<\/p>\n<p style=\"font-size: 6px;\">&nbsp;<\/p>\n<p style=\"font-size: 6px;\">&nbsp;<\/p>\n<p>N&rsquo;h\u00e9sitez pas \u00e0 nous poser des questions si vous n&rsquo;avez pas bien tout compris.<\/p>\n<p>Pensez \u00e0 bien lire les Questions-R\u00e9ponses dans la page FAQ.<\/p>\n<p style=\"font-size: 10px;\">&nbsp;<\/p>\n\n\n<p><\/p>\n<!-- AddThis Advanced Settings generic via filter on the_content --><!-- AddThis Share Buttons generic via filter on the_content --> ","protected":false},"excerpt":{"rendered":"<p>&nbsp; Le concours permet \u00e9galement aux mod\u00e8les de se faire conna\u00eetre pendant celui-ci. Elles peuvent recevoir des propositions par notre interm\u00e9diaire si des personnes s&rsquo;int\u00e9ressent&#8230;<!-- AddThis Advanced Settings generic via filter on get_the_excerpt --><!-- AddThis Share Buttons generic via filter on get_the_excerpt --><\/p>\n","protected":false},"author":1,"featured_media":0,"parent":0,"menu_order":0,"comment_status":"closed","ping_status":"closed","template":"","meta":[],"_links":{"self":[{"href":"http:\/\/www.adomode.net\/concours-top-ado-france\/wp-json\/wp\/v2\/pages\/728"}],"collection":[{"href":"http:\/\/www.adomode.net\/concours-top-ado-france\/wp-json\/wp\/v2\/pages"}],"about":[{"href":"http:\/\/www.adomode.net\/concours-top-ado-france\/wp-json\/wp\/v2\/types\/page"}],"author":[{"embeddable":true,"href":"http:\/\/www.adomode.net\/concours-top-ado-france\/wp-json\/wp\/v2\/users\/1"}],"replies":[{"embeddable":true,"href":"http:\/\/www.adomode.net\/concours-top-ado-france\/wp-json\/wp\/v2\/comments?post=728"}],"version-history":[{"count":88,"href":"http:\/\/www.adomode.net\/concours-top-ado-france\/wp-json\/wp\/v2\/pages\/728\/revisions"}],"predecessor-version":[{"id":988,"href":"http:\/\/www.adomode.net\/concours-top-ado-france\/wp-json\/wp\/v2\/pages\/728\/revisions\/988"}],"wp:attachment":[{"href":"http:\/\/www.adomode.net\/concours-top-ado-france\/wp-json\/wp\/v2\/media?parent=728"}],"curies":[{"name":"wp","href":"https:\/\/api.w.org\/{rel}","templated":true}]}}